  {"id":9755,"date":"2025-10-06T18:46:10","date_gmt":"2025-10-06T18:46:10","guid":{"rendered":"https:\/\/www.macalester.edu\/theater-and-dance\/?page_id=9755"},"modified":"2025-10-10T15:50:11","modified_gmt":"2025-10-10T15:50:11","slug":"macfest-2025","status":"publish","type":"page","link":"https:\/\/www.macalester.edu\/theater-and-dance\/events\/macfest-2025\/","title":{"rendered":"MacFest &#8211; Fall 2025"},"content":{"rendered":"<figure class=\"wp-block-image aligncenter size-full is-resized\"><img loading=\"lazy\" decoding=\"async\" width=\"750\" height=\"315\" src=\"https:\/\/www.macalester.edu\/theater-and-dance\/wp-content\/uploads\/sites\/595\/2025\/07\/macfest-header-1.png\" alt=\"\" class=\"wp-image-9757\" style=\"width:840px;height:auto\" srcset=\"https:\/\/www.macalester.edu\/theater-and-dance\/wp-content\/uploads\/sites\/595\/2025\/07\/macfest-header-1.png 750w,  https:\/\/www.macalester.edu\/theater-and-dance\/wp-content\/uploads\/sites\/595\/2025\/07\/macfest-header-1-300x126.png 300w\" sizes=\"auto, (max-width: 750px) 100vw, 750px\" \/><\/figure>\n\n\n\n<p>Macfest is an annual celebration of the work that Mac THDA students have done, whether in acting, playwriting, or dancing. This year, three new plays written by Alma Capone \u201928, Grey Henry \u201928, Beja Pu\u0161k\u00e1\u0161ov\u00e1 \u201926, and directed by Sam Stephen \u201928 will be presented as a staged reading in the James A. Williams Theater. Limited seating is first-come, first-served with no entry fee. All are welcome. Box office opens at 6:30pm, and the show begins at 7:00pm. There are no advanced ticket reservations and no late seating available.<\/p>\n\n\n<section class=\"link-group block-container\" >\n        <div class=\"link-group__featured-row\">\n        <div class=\"link-group__featured-inner\">\n            <div class=\"link-group__featured-inner-inner\">\n                <ul class=\"link-group__featured-link\">\n                                            <li class=\"link-group__link-item\">\n                            <a class=\"base-cta-featured\" href=\"https:\/\/sites.google.com\/macalester.edu\/thdaprogram\/programs\/2025-2026\/macfest-25?authuser=0\" target=\"_blank\">\n\t\t\t\t\t\t\t    Online Program\n\t\t\t\t\t\t\t    <svg aria-hidden=\"true\" class=\"base-symbol base-cta-featured__arrow\" viewbox=\"0 0 24 24\" xmlns=\"http:\/\/www.w3.org\/2000\/svg\">\n\t\t\t\t\t\t\t\t    <use xlink:href=\"\/wp-content\/themes\/macalester-2020\/dist\/svgs\/symbol-arrow.svg#icon\"\/>\n\t\t\t\t\t\t\t\t<\/svg>\n\t\t\t\t\t\t\t<\/a>\n                        <\/li>\n                                            <li class=\"link-group__link-item\">\n                            <a class=\"base-cta-featured\" href=\"https:\/\/www.macalester.edu\/mac-fest\/\" target=\"_self\">\n\t\t\t\t\t\t\t    Other Macfest Events\n\t\t\t\t\t\t\t    <svg aria-hidden=\"true\" class=\"base-symbol base-cta-featured__arrow\" viewbox=\"0 0 24 24\" xmlns=\"http:\/\/www.w3.org\/2000\/svg\">\n\t\t\t\t\t\t\t\t    <use xlink:href=\"\/wp-content\/themes\/macalester-2020\/dist\/svgs\/symbol-arrow.svg#icon\"\/>\n\t\t\t\t\t\t\t\t<\/svg>\n\t\t\t\t\t\t\t<\/a>\n                        <\/li>\n                                    <\/ul>\n            <\/div>\n        <\/div>\n    <\/div>\n<\/section>\n\n\n\n<div style=\"height:29px\" class=\"wp-block-spacer\"><\/div>\n\n\n\n<p><\/p>","protected":false},"excerpt":{"rendered":"<p>Macfest is an annual celebration of the work that Mac THDA students have done, whether in acting, playwriting, or dancing. This year, three new plays written by Alma Capone \u201928, Grey Henry \u201928, Beja Pu\u0161k\u00e1\u0161ov\u00e1 \u201926, and directed by Sam Stephen \u201928 will be presented as a staged reading in the James A. Williams Theater. [&hellip;]<\/p>","protected":false},"author":1231,"featured_media":0,"parent":213,"menu_order":0,"comment_status":"closed","ping_status":"closed","template":"","meta":{"_acf_changed":false,"footnotes":""},"class_list":["post-9755","page","type-page","status-publish","hentry"],"acf":[],"_links":{"self":[{"href":"https:\/\/www.macalester.edu\/theater-and-dance\/wp-json\/wp\/v2\/pages\/9755","targetHints":{"allow":["GET"]}}],"collection":[{"href":"https:\/\/www.macalester.edu\/theater-and-dance\/wp-json\/wp\/v2\/pages"}],"about":[{"href":"https:\/\/www.macalester.edu\/theater-and-dance\/wp-json\/wp\/v2\/types\/page"}],"author":[{"embeddable":true,"href":"https:\/\/www.macalester.edu\/theater-and-dance\/wp-json\/wp\/v2\/users\/1231"}],"replies":[{"embeddable":true,"href":"https:\/\/www.macalester.edu\/theater-and-dance\/wp-json\/wp\/v2\/comments?post=9755"}],"version-history":[{"count":10,"href":"https:\/\/www.macalester.edu\/theater-and-dance\/wp-json\/wp\/v2\/pages\/9755\/revisions"}],"predecessor-version":[{"id":10011,"href":"https:\/\/www.macalester.edu\/theater-and-dance\/wp-json\/wp\/v2\/pages\/9755\/revisions\/10011"}],"up":[{"embeddable":true,"href":"https:\/\/www.macalester.edu\/theater-and-dance\/wp-json\/wp\/v2\/pages\/213"}],"wp:attachment":[{"href":"https:\/\/www.macalester.edu\/theater-and-dance\/wp-json\/wp\/v2\/media?parent=9755"}],"curies":[{"name":"wp","href":"https:\/\/api.w.org\/{rel}","templated":true}]}}