  {"id":10081,"date":"2026-01-26T20:17:26","date_gmt":"2026-01-26T20:17:26","guid":{"rendered":"https:\/\/www.macalester.edu\/theater-and-dance\/?page_id=10081"},"modified":"2026-03-17T17:53:54","modified_gmt":"2026-03-17T17:53:54","slug":"moment-of-silence","status":"publish","type":"page","link":"https:\/\/www.macalester.edu\/theater-and-dance\/events\/moment-of-silence\/","title":{"rendered":"Moment of Silence"},"content":{"rendered":"<figure class=\"wp-block-image size-full\"><img loading=\"lazy\" decoding=\"async\" width=\"750\" height=\"315\" src=\"https:\/\/www.macalester.edu\/theater-and-dance\/wp-content\/uploads\/sites\/595\/2026\/01\/headers-for-events-page.png\" alt=\"\" class=\"wp-image-10077\" srcset=\"https:\/\/www.macalester.edu\/theater-and-dance\/wp-content\/uploads\/sites\/595\/2026\/01\/headers-for-events-page.png 750w,  https:\/\/www.macalester.edu\/theater-and-dance\/wp-content\/uploads\/sites\/595\/2026\/01\/headers-for-events-page-300x126.png 300w\" sizes=\"auto, (max-width: 750px) 100vw, 750px\" \/><\/figure>\n\n\n\n<p><strong><em>Moment of Silence<\/em><\/strong><br>An original play written by Beja Pu\u0161k\u00e1\u0161ov\u00e1 &#8217;26<br>A presentation in partial fulfillment of honors in playwriting<br>Friday and Saturday March 27, 28 at 7:30pm<br>Sunday March 29 at 2:00pm<br>James A. Williams Theater<br>What if uteruses had their own thoughts, feelings, and social lives? What if period disorders became humanoid and ran around, haunting humans in public spaces, instead of being hidden behind the veil of cis-hetero patriarchy? <em>Moment of Silence<\/em> trans-affirmingly gives birth to a world where reality is magical and magic is real.\u00a0<\/p>\n\n\n\n<p><em>Moment of Silence<\/em> by Beja Pu\u0161k\u00e1\u0161ov\u00e1 will be performed as a staged reading on the last weekend of March 2026. This format allows for a rigorous commitment to theater that does not necessarily require memorizing a script. Suited for anyone interested in periods; bloody and invisible, regular and complicated.&nbsp;<\/p>\n\n\n<section class=\"link-group block-container\" >\n        <div class=\"link-group__featured-row\">\n        <div class=\"link-group__featured-inner\">\n            <div class=\"link-group__featured-inner-inner\">\n                <ul class=\"link-group__featured-link\">\n                                            <li class=\"link-group__link-item\">\n                            <a class=\"base-cta-featured\" href=\"https:\/\/docs.google.com\/forms\/d\/e\/1FAIpQLSeG7OO_j99u_YWYjLHLZ2hYs1mJYG6617_-4XvbzR2iU7QJQw\/viewform?usp=header\" target=\"_blank\">\n\t\t\t\t\t\t\t    Ticket Reservations available now!\n\t\t\t\t\t\t\t    <svg aria-hidden=\"true\" class=\"base-symbol base-cta-featured__arrow\" viewbox=\"0 0 24 24\" xmlns=\"http:\/\/www.w3.org\/2000\/svg\">\n\t\t\t\t\t\t\t\t    <use xlink:href=\"\/wp-content\/themes\/macalester-2020\/dist\/svgs\/symbol-arrow.svg#icon\"\/>\n\t\t\t\t\t\t\t\t<\/svg>\n\t\t\t\t\t\t\t<\/a>\n                        <\/li>\n                                            <li class=\"link-group__link-item\">\n                            <a class=\"base-cta-featured\" href=\"\" target=\"_self\">\n\t\t\t\t\t\t\t    Online Program will be available here on March 25\n\t\t\t\t\t\t\t    <svg aria-hidden=\"true\" class=\"base-symbol base-cta-featured__arrow\" viewbox=\"0 0 24 24\" xmlns=\"http:\/\/www.w3.org\/2000\/svg\">\n\t\t\t\t\t\t\t\t    <use xlink:href=\"\/wp-content\/themes\/macalester-2020\/dist\/svgs\/symbol-arrow.svg#icon\"\/>\n\t\t\t\t\t\t\t\t<\/svg>\n\t\t\t\t\t\t\t<\/a>\n                        <\/li>\n                                    <\/ul>\n            <\/div>\n        <\/div>\n    <\/div>\n<\/section>","protected":false},"excerpt":{"rendered":"<p>Moment of SilenceAn original play written by Beja Pu\u0161k\u00e1\u0161ov\u00e1 &#8217;26A presentation in partial fulfillment of honors in playwritingFriday and Saturday March 27, 28 at 7:30pmSunday March 29 at 2:00pmJames A. Williams TheaterWhat if uteruses had their own thoughts, feelings, and social lives? What if period disorders became humanoid and ran around, haunting humans in public [&hellip;]<\/p>","protected":false},"author":787,"featured_media":0,"parent":213,"menu_order":0,"comment_status":"closed","ping_status":"closed","template":"","meta":{"_acf_changed":false,"footnotes":""},"class_list":["post-10081","page","type-page","status-publish","hentry"],"acf":[],"_links":{"self":[{"href":"https:\/\/www.macalester.edu\/theater-and-dance\/wp-json\/wp\/v2\/pages\/10081","targetHints":{"allow":["GET"]}}],"collection":[{"href":"https:\/\/www.macalester.edu\/theater-and-dance\/wp-json\/wp\/v2\/pages"}],"about":[{"href":"https:\/\/www.macalester.edu\/theater-and-dance\/wp-json\/wp\/v2\/types\/page"}],"author":[{"embeddable":true,"href":"https:\/\/www.macalester.edu\/theater-and-dance\/wp-json\/wp\/v2\/users\/787"}],"replies":[{"embeddable":true,"href":"https:\/\/www.macalester.edu\/theater-and-dance\/wp-json\/wp\/v2\/comments?post=10081"}],"version-history":[{"count":6,"href":"https:\/\/www.macalester.edu\/theater-and-dance\/wp-json\/wp\/v2\/pages\/10081\/revisions"}],"predecessor-version":[{"id":10135,"href":"https:\/\/www.macalester.edu\/theater-and-dance\/wp-json\/wp\/v2\/pages\/10081\/revisions\/10135"}],"up":[{"embeddable":true,"href":"https:\/\/www.macalester.edu\/theater-and-dance\/wp-json\/wp\/v2\/pages\/213"}],"wp:attachment":[{"href":"https:\/\/www.macalester.edu\/theater-and-dance\/wp-json\/wp\/v2\/media?parent=10081"}],"curies":[{"name":"wp","href":"https:\/\/api.w.org\/{rel}","templated":true}]}}